{"id":53,"date":"2017-09-03T00:00:00","date_gmt":"2017-09-03T00:00:00","guid":{"rendered":"https:\/\/loppen-i.viborg.nu\/index.php\/awpcp\/browse-ads\/"},"modified":"2017-09-04T11:56:18","modified_gmt":"2017-09-04T09:56:18","slug":"se-annoncer","status":"publish","type":"page","link":"https:\/\/loppen-i.viborg.nu\/index.php\/another-wordpress-classifieds-plugin\/se-annoncer\/","title":{"rendered":"Se annoncer"},"content":{"rendered":"<div class=\"awpcp-browse-ads awpcp-page\" id=\"classiwrapper\">\n    \n        <div class=\"uiwelcome\">Uanset hvad du \u00f8nsker at k\u00f8be, s\u00e6lge, bytte eller s\u00f8ge efter, s\u00e5 er Loppen i Viborg det rigtige sted!<\/div>\n    \n        \n<div class=\"awpcp-classifieds-search-bar\" data-breakpoints='{\"tiny\": [0,450]}' data-breakpoints-class-prefix=\"awpcp-classifieds-search-bar\">\n    <form action=\"https:\/\/loppen-i.viborg.nu\/index.php\/another-wordpress-classifieds-plugin\/soeg-i-annoncer-2\/\" method=\"get\">\n                <input type=\"hidden\" name=\"awpcp-step\" value=\"dosearch\" \/>\n        <div class=\"awpcp-classifieds-search-bar--query-field\">\n            <label class=\"screen-reader-text\" for=\"awpcp-search-query-field\">Search for:<\/label>\n            <input id=\"awpcp-search-query-field\" type=\"text\" name=\"keywordphrase\" \/>\n        <\/div>\n        <div class=\"awpcp-classifieds-search-bar--submit-button\">\n            <input class=\"button\" type=\"submit\" value=\"Find Listings\" \/>\n        <\/div>\n        <div class=\"awpcp-classifieds-search-bar--advanced-search-link\"><a href=\"https:\/\/loppen-i.viborg.nu\/index.php\/another-wordpress-classifieds-plugin\/soeg-i-annoncer-2\/\">Advanced Search <\/a><\/div>\n    <\/form>\n<\/div>\n<ul class=\"awpcp-classifieds-menu awpcp-clearfix\" data-breakpoints='{\"tiny\": [0,400], \"small\": [400,500]}' data-breakpoints-class-prefix=\"awpcp-classifieds-menu\">\n    <li class=\"awpcp-classifieds-menu--menu-item awpcp-classifieds-menu--post-listing-menu-item\">\n        <a class=\"awpcp-classifieds-menu--menu-item-link button\" href=\"https:\/\/loppen-i.viborg.nu\/index.php\/another-wordpress-classifieds-plugin\/registrer-bruger-opret-annonce\">Registrer bruger\/ Opret annonce<\/a>\n    <\/li>\n    <li class=\"awpcp-classifieds-menu--menu-item awpcp-classifieds-menu--browse-listings-menu-item\">\n        <a class=\"awpcp-classifieds-menu--menu-item-link button\" href=\"https:\/\/loppen-i.viborg.nu\/index.php\/another-wordpress-classifieds-plugin\/se-annoncer\">Se annoncer<\/a>\n    <\/li>\n    <li class=\"awpcp-classifieds-menu--menu-item awpcp-classifieds-menu--search-listings-menu-item\">\n        <a class=\"awpcp-classifieds-menu--menu-item-link button\" href=\"https:\/\/loppen-i.viborg.nu\/index.php\/another-wordpress-classifieds-plugin\/soeg-i-annoncer-2\">S\u00f8g i annoncer<\/a>\n    <\/li>\n<\/ul>\n    \n    <form class=\"awpcp-category-switcher\" method=\"post\" action=\"https:\/\/loppen-i.viborg.nu\/index.php\/another-wordpress-classifieds-plugin\/se-annoncer\">\n        <input type=\"hidden\" name=\"offset\" value=\"0\" \/>\n    \n    <div class=\"awpcp-category-dropdown-container\">\n        <label class=\"awpcp-category-dropdown-label\" for=\"awpcp-category-dropdown-69d6e4230887d\">Category:<\/label>\n\n\n<select id=\"awpcp-category-dropdown-69d6e4230887d\" class=\"awpcp-category-dropdown awpcp-dropdown \" name=\"awpcp_category_id\" data-hash=\"69d6e4230887d\" placeholder=\"All Categories\" data-auto=\"auto\" style=\"width: 100%\">\n        <option class=\"awpcp-dropdown-placeholder\">All Categories<\/option>\n    <option class=\"dropdownparentcategory\" value=\"54\">\u00c5<\/option><option class=\"dropdownparentcategory\" value=\"29\">Antikviteter<\/option><option class=\"dropdownparentcategory\" value=\"52\">\u00c6<\/option><option class=\"dropdownparentcategory\" value=\"30\">Bolig<\/option><option class=\"dropdownparentcategory\" value=\"31\">Cykler<\/option><option class=\"dropdownparentcategory\" value=\"32\">Design<\/option><option class=\"dropdownparentcategory\" value=\"33\">Elektronik<\/option><option class=\"dropdownparentcategory\" value=\"34\">Forskelligt<\/option><option class=\"dropdownparentcategory\" value=\"28\">General<\/option><option class=\"dropdownparentcategory\" value=\"35\">Hotel<\/option><option class=\"dropdownparentcategory\" value=\"36\">Idr\u00e6t<\/option><option class=\"dropdownparentcategory\" value=\"37\">Julepynt<\/option><option class=\"dropdownparentcategory\" value=\"38\">Krejlervarer<\/option><option class=\"dropdownparentcategory\" value=\"39\">Lamper<\/option><option class=\"dropdownparentcategory\" value=\"40\">Motor<\/option><option class=\"dropdownparentcategory\" value=\"41\">Nyt<\/option><option class=\"dropdownparentcategory\" value=\"42\">Omr\u00e5devarer<\/option><option class=\"dropdownparentcategory\" value=\"53\">\u00d8<\/option><option class=\"dropdownparentcategory\" value=\"43\">Pakketjenester<\/option><option class=\"dropdownparentcategory\" value=\"44\">Quriositeter<\/option><option class=\"dropdownparentcategory\" value=\"45\">Ridning<\/option><option class=\"dropdownparentcategory\" value=\"46\">Spisning<\/option><option class=\"dropdownparentcategory\" value=\"47\">T<\/option><option class=\"dropdownparentcategory\" value=\"48\">Undervisning<\/option><option class=\"dropdownparentcategory\" value=\"49\">Visit<\/option><option class=\"dropdownparentcategory\" value=\"50\">W<\/option><option class=\"dropdownparentcategory\" value=\"51\">Zebra<\/option><\/select>\n\n\n<script type=\"text\/javascript\">var categories_69d6e4230887d = {\"mode\":\"basic\",\"select2\":{\"containerCssClass\":\"awpcp-category-dropdown-selection\",\"dropdownCssClass\":\"awpcp-category-dropdown-options\",\"allowClear\":true,\"placeholder\":\"All Categories\",\"maximumSelectionLength\":100},\"selectedCategoriesIds\":[],\"categoriesHierarchy\":{\"root\":[{\"term_id\":54,\"name\":\"\\u00c5\",\"slug\":\"aa\",\"term_group\":0,\"term_taxonomy_id\":54,\"taxonomy\":\"awpcp_listing_category\",\"description\":\"\",\"parent\":0,\"count\":0,\"filter\":\"raw\"},{\"term_id\":29,\"name\":\"Antikviteter\",\"slug\":\"antikviteter\",\"term_group\":0,\"term_taxonomy_id\":29,\"taxonomy\":\"awpcp_listing_category\",\"description\":\"\",\"parent\":0,\"count\":0,\"filter\":\"raw\"},{\"term_id\":52,\"name\":\"\\u00c6\",\"slug\":\"ae\",\"term_group\":0,\"term_taxonomy_id\":52,\"taxonomy\":\"awpcp_listing_category\",\"description\":\"\",\"parent\":0,\"count\":0,\"filter\":\"raw\"},{\"term_id\":30,\"name\":\"Bolig\",\"slug\":\"bolig\",\"term_group\":0,\"term_taxonomy_id\":30,\"taxonomy\":\"awpcp_listing_category\",\"description\":\"\",\"parent\":0,\"count\":0,\"filter\":\"raw\"},{\"term_id\":31,\"name\":\"Cykler\",\"slug\":\"cykler\",\"term_group\":0,\"term_taxonomy_id\":31,\"taxonomy\":\"awpcp_listing_category\",\"description\":\"\",\"parent\":0,\"count\":0,\"filter\":\"raw\"},{\"term_id\":32,\"name\":\"Design\",\"slug\":\"design\",\"term_group\":0,\"term_taxonomy_id\":32,\"taxonomy\":\"awpcp_listing_category\",\"description\":\"\",\"parent\":0,\"count\":0,\"filter\":\"raw\"},{\"term_id\":33,\"name\":\"Elektronik\",\"slug\":\"elektronik\",\"term_group\":0,\"term_taxonomy_id\":33,\"taxonomy\":\"awpcp_listing_category\",\"description\":\"\",\"parent\":0,\"count\":0,\"filter\":\"raw\"},{\"term_id\":34,\"name\":\"Forskelligt\",\"slug\":\"forskelligt\",\"term_group\":0,\"term_taxonomy_id\":34,\"taxonomy\":\"awpcp_listing_category\",\"description\":\"\",\"parent\":0,\"count\":0,\"filter\":\"raw\"},{\"term_id\":28,\"name\":\"General\",\"slug\":\"general\",\"term_group\":0,\"term_taxonomy_id\":28,\"taxonomy\":\"awpcp_listing_category\",\"description\":\"\",\"parent\":0,\"count\":0,\"filter\":\"raw\"},{\"term_id\":35,\"name\":\"Hotel\",\"slug\":\"hotel\",\"term_group\":0,\"term_taxonomy_id\":35,\"taxonomy\":\"awpcp_listing_category\",\"description\":\"\",\"parent\":0,\"count\":0,\"filter\":\"raw\"},{\"term_id\":36,\"name\":\"Idr\\u00e6t\",\"slug\":\"idraet\",\"term_group\":0,\"term_taxonomy_id\":36,\"taxonomy\":\"awpcp_listing_category\",\"description\":\"\",\"parent\":0,\"count\":0,\"filter\":\"raw\"},{\"term_id\":37,\"name\":\"Julepynt\",\"slug\":\"julepynt\",\"term_group\":0,\"term_taxonomy_id\":37,\"taxonomy\":\"awpcp_listing_category\",\"description\":\"\",\"parent\":0,\"count\":0,\"filter\":\"raw\"},{\"term_id\":38,\"name\":\"Krejlervarer\",\"slug\":\"krejlervarer\",\"term_group\":0,\"term_taxonomy_id\":38,\"taxonomy\":\"awpcp_listing_category\",\"description\":\"\",\"parent\":0,\"count\":0,\"filter\":\"raw\"},{\"term_id\":39,\"name\":\"Lamper\",\"slug\":\"lamper\",\"term_group\":0,\"term_taxonomy_id\":39,\"taxonomy\":\"awpcp_listing_category\",\"description\":\"\",\"parent\":0,\"count\":0,\"filter\":\"raw\"},{\"term_id\":40,\"name\":\"Motor\",\"slug\":\"motor\",\"term_group\":0,\"term_taxonomy_id\":40,\"taxonomy\":\"awpcp_listing_category\",\"description\":\"\",\"parent\":0,\"count\":0,\"filter\":\"raw\"},{\"term_id\":41,\"name\":\"Nyt\",\"slug\":\"nyt\",\"term_group\":0,\"term_taxonomy_id\":41,\"taxonomy\":\"awpcp_listing_category\",\"description\":\"\",\"parent\":0,\"count\":0,\"filter\":\"raw\"},{\"term_id\":42,\"name\":\"Omr\\u00e5devarer\",\"slug\":\"omraadevarer\",\"term_group\":0,\"term_taxonomy_id\":42,\"taxonomy\":\"awpcp_listing_category\",\"description\":\"\",\"parent\":0,\"count\":0,\"filter\":\"raw\"},{\"term_id\":53,\"name\":\"\\u00d8\",\"slug\":\"oe\",\"term_group\":0,\"term_taxonomy_id\":53,\"taxonomy\":\"awpcp_listing_category\",\"description\":\"\",\"parent\":0,\"count\":0,\"filter\":\"raw\"},{\"term_id\":43,\"name\":\"Pakketjenester\",\"slug\":\"pakketjenester\",\"term_group\":0,\"term_taxonomy_id\":43,\"taxonomy\":\"awpcp_listing_category\",\"description\":\"\",\"parent\":0,\"count\":0,\"filter\":\"raw\"},{\"term_id\":44,\"name\":\"Quriositeter\",\"slug\":\"quriositeter\",\"term_group\":0,\"term_taxonomy_id\":44,\"taxonomy\":\"awpcp_listing_category\",\"description\":\"\",\"parent\":0,\"count\":0,\"filter\":\"raw\"},{\"term_id\":45,\"name\":\"Ridning\",\"slug\":\"ridning\",\"term_group\":0,\"term_taxonomy_id\":45,\"taxonomy\":\"awpcp_listing_category\",\"description\":\"\",\"parent\":0,\"count\":0,\"filter\":\"raw\"},{\"term_id\":46,\"name\":\"Spisning\",\"slug\":\"spisning\",\"term_group\":0,\"term_taxonomy_id\":46,\"taxonomy\":\"awpcp_listing_category\",\"description\":\"\",\"parent\":0,\"count\":0,\"filter\":\"raw\"},{\"term_id\":47,\"name\":\"T\",\"slug\":\"t\",\"term_group\":0,\"term_taxonomy_id\":47,\"taxonomy\":\"awpcp_listing_category\",\"description\":\"\",\"parent\":0,\"count\":0,\"filter\":\"raw\"},{\"term_id\":48,\"name\":\"Undervisning\",\"slug\":\"undervisning\",\"term_group\":0,\"term_taxonomy_id\":48,\"taxonomy\":\"awpcp_listing_category\",\"description\":\"\",\"parent\":0,\"count\":0,\"filter\":\"raw\"},{\"term_id\":49,\"name\":\"Visit\",\"slug\":\"visit\",\"term_group\":0,\"term_taxonomy_id\":49,\"taxonomy\":\"awpcp_listing_category\",\"description\":\"\",\"parent\":0,\"count\":0,\"filter\":\"raw\"},{\"term_id\":50,\"name\":\"W\",\"slug\":\"w\",\"term_group\":0,\"term_taxonomy_id\":50,\"taxonomy\":\"awpcp_listing_category\",\"description\":\"\",\"parent\":0,\"count\":0,\"filter\":\"raw\"},{\"term_id\":51,\"name\":\"Zebra\",\"slug\":\"zebra\",\"term_group\":0,\"term_taxonomy_id\":51,\"taxonomy\":\"awpcp_listing_category\",\"description\":\"\",\"parent\":0,\"count\":0,\"filter\":\"raw\"}]},\"paymentTerms\":[],\"subcategoryLabel\":\"Select a Sub-category\"};<\/script>\n    <\/div>\n<\/form>\n\n    <div class=\"awpcp-listings awpcp-clearboth\">\n                    <p>There were no listings found.<\/p>\n            <\/div>\n\n    <\/div>\n\n","protected":false},"excerpt":{"rendered":"","protected":false},"author":0,"featured_media":0,"parent":47,"menu_order":0,"comment_status":"closed","ping_status":"closed","template":"","meta":{"jetpack_post_was_ever_published":false,"footnotes":""},"class_list":["post-53","page","type-page","status-publish","hentry"],"aioseo_notices":[],"jetpack_sharing_enabled":true,"jetpack_shortlink":"https:\/\/wp.me\/P91ufs-R","jetpack-related-posts":[],"jetpack_likes_enabled":true,"_links":{"self":[{"href":"https:\/\/loppen-i.viborg.nu\/index.php\/wp-json\/wp\/v2\/pages\/53","targetHints":{"allow":["GET"]}}],"collection":[{"href":"https:\/\/loppen-i.viborg.nu\/index.php\/wp-json\/wp\/v2\/pages"}],"about":[{"href":"https:\/\/loppen-i.viborg.nu\/index.php\/wp-json\/wp\/v2\/types\/page"}],"replies":[{"embeddable":true,"href":"https:\/\/loppen-i.viborg.nu\/index.php\/wp-json\/wp\/v2\/comments?post=53"}],"version-history":[{"count":2,"href":"https:\/\/loppen-i.viborg.nu\/index.php\/wp-json\/wp\/v2\/pages\/53\/revisions"}],"predecessor-version":[{"id":85,"href":"https:\/\/loppen-i.viborg.nu\/index.php\/wp-json\/wp\/v2\/pages\/53\/revisions\/85"}],"up":[{"embeddable":true,"href":"https:\/\/loppen-i.viborg.nu\/index.php\/wp-json\/wp\/v2\/pages\/47"}],"wp:attachment":[{"href":"https:\/\/loppen-i.viborg.nu\/index.php\/wp-json\/wp\/v2\/media?parent=53"}],"curies":[{"name":"wp","href":"https:\/\/api.w.org\/{rel}","templated":true}]}}